{"id":12,"date":"2010-03-30T12:52:37","date_gmt":"2010-03-30T10:52:37","guid":{"rendered":"http:\/\/wordpress.lindosoft.com\/?page_id=12"},"modified":"2026-01-05T22:02:17","modified_gmt":"2026-01-05T20:02:17","slug":"lindosoft","status":"publish","type":"page","link":"https:\/\/wordpress.lindosoft.com\/?page_id=12","title":{"rendered":"Projekte"},"content":{"rendered":"<div class=\"lcp_catlist\" id=\"lcp_instance_0\"><p><div class=\"lcp_content\"><table border=\"0\" cellspacing=\"1\" cellpadding=\"1\" width=\"100%\">\n<tbody>\n<tr>\n<td class=\"grey\" width=\"20%\">05\/21 &#8211; &#8230;<\/td>\n<td class=\"grey\" width=\"80%\">VR-02<\/td>\n<\/tr>\n<tr>\n<td valign=\"top\">Branche<\/td>\n<td valign=\"top\">\u00d6ffentlicher Sektor<\/td>\n<\/tr>\n<tr>\n<td valign=\"top\">Beschreibung<\/td>\n<td valign=\"top\">\nUmsetzung einer bundeseinheitlichen Richtlinie zur Verwaltung von Steuerkonten.<br \/>\nDer Projektschwerpunkt liegt initial in der agilen Umsetzung einer asynchronen Massendatenverarbeitung.\n<\/td>\n<\/tr>\n<tr>\n<td valign=\"top\">Aufgaben<\/td>\n<td valign=\"top\">\n<li>Entwicklung Java, SpringBoot<\/li>\n<li>Architektur<\/li>\n<li>Prototyping<\/li>\n<\/td>\n<\/tr>\n<tr>\n<td valign=\"top\">Skills<\/td>\n<td valign=\"top\">\n<li>confluence<\/li>\n<li>eclipse-ide<\/li>\n<li>git<\/li>\n<li>liquibase<\/li>\n<li>maven<\/li>\n<li>jdk11<\/li>\n<li>jira<\/li>\n<li>oracle-db<\/li>\n<li>quartz-scheduler<\/li>\n<li>spring-boot<\/li>\n<li>spring-data<\/li>\n<\/td>\n<\/tr>\n<tr>\n<td valign=\"top\">Gr&ouml;&szlig;e<\/td>\n<td valign=\"top\">\n  40 Personen in mehreren agilen Teams<\/td>\n<\/tr>\n<\/tbody>\n<\/table>\n<\/div><\/p><p><div class=\"lcp_content\"><table border=\"0\" cellspacing=\"1\" cellpadding=\"1\" width=\"100%\">\n<tbody>\n<tr>\n<td class=\"grey\" width=\"20%\">10\/19 &#8211; 04\/21<\/td>\n<td class=\"grey\" width=\"80%\">VR-01<\/td>\n<\/tr>\n<tr>\n<td valign=\"top\">Branche<\/td>\n<td valign=\"top\">\u00d6ffentlicher Sektor<\/td>\n<\/tr>\n<tr>\n<td valign=\"top\">Beschreibung<\/td>\n<td valign=\"top\">\nUmsetzung einer neuen EU-Richtline im steuerlichen Kontext: Erkl\u00e4rungen werden im Ausgangsland verarbeitet und anschlie\u00dfend an ein zentrales Verzeichnis der EU \u00fcbertragen. Von dort rufen die EU-L\u00e4nder die f\u00fcr Sie relevanten Erkl\u00e4rungen ab. Der Projektschwerpunkt liegt auf der Batch-Verarbeitung von XML Massendaten.\n<\/td>\n<\/tr>\n<tr>\n<td valign=\"top\">Aufgaben<\/td>\n<td valign=\"top\">\n<li>Softwareentwicklung Java, JEE (Entwicklung, Unit-Test, Review)<\/li>\n<li>Technische Beratung<\/li>\n<\/td>\n<\/tr>\n<tr>\n<td valign=\"top\">Skills<\/td>\n<td valign=\"top\">\n<li>dbunit-2.6<\/li>\n<li>confluence-4.3<\/li>\n<li>eclipse-ide-4.9<\/li>\n<li>git-2.22<\/li>\n<li>hibernate-5.4<\/li>\n<li>jaxb-2.3<\/li>\n<li>jboss-7.1<\/li>\n<li>jmockit-1.21<\/li>\n<li>liquibase-3.5<\/li>\n<li>map-struct-1.3<\/li>\n<li>maven-3.3<\/li>\n<li>nexus-3.19<\/li>\n<li>jdk-1.8<\/li>\n<li>jenkins-2.150<\/li>\n<li>jira-8.5<\/li>\n<li>oracle-db-8.1<\/li>\n<li>spring-4.3<\/li>\n<li>spring-batch-4.0<\/li>\n<li>sql-developer-3.2<\/li>\n<li>umlet-14.2<\/li>\n<\/td>\n<\/tr>\n<tr>\n<td valign=\"top\">Gr&ouml;&szlig;e<\/td>\n<td valign=\"top\">\n  40 Personen<\/td>\n<\/tr>\n<\/tbody>\n<\/table>\n<\/div><\/p><p><div class=\"lcp_content\"><table border=\"0\" cellspacing=\"1\" cellpadding=\"1\" width=\"100%\">\n<tbody>\n<tr>\n<td class=\"grey\" width=\"20%\">10\/16 &#8211; 06\/19<\/td>\n<td class=\"grey\" width=\"80%\">Berufsf\u00f6rderungs-Fachinformationssystem<\/td>\n<\/tr>\n<tr>\n<td valign=\"top\">Branche<\/td>\n<td valign=\"top\">\u00d6ffentlicher Sektor<\/td>\n<\/tr>\n<tr>\n<td valign=\"top\">Beschreibung<\/td>\n<td valign=\"top\">\nDas Berufsf\u00f6rderungs-Fachinformationssystem unterst\u00fctzt die Mitarbeiter des Berufsf\u00f6rderungsdienstes bei ihren Aufgaben. Ziel ist es, ausscheidende Soldaten auf Zeit erfolgreich in einen Zivilberuf einzugliedern und ihnen die Chance zu einem beruflichen und sozialen Aufstieg mit auf den Weg zu geben.\n<\/td>\n<\/tr>\n<tr>\n<td valign=\"top\">Aufgaben<\/td>\n<td valign=\"top\">\n<li>Architektur der Migration von Hivemind\/Tapestry auf CDI\/JSF<\/li>\n<li>Entwicklung von Teilsystemen<\/li>\n<li>Entwicklung von Unit und Lasttests<\/li>\n<\/td>\n<\/tr>\n<tr>\n<td valign=\"top\">Skills<\/td>\n<td valign=\"top\">\n<li>apache-jmeter-3.0<\/li>\n<li>apache-tomcat-8<\/li>\n<li>cdi-1.2 Contexts and Dependency Injection<\/li>\n<li>cdi-unit-4.0.1 CDI test framework<\/li>\n<li>db2-10.5<\/li>\n<li>dbvis-9.2.6<\/li>\n<li>hibernate-5.1<\/li>\n<li>htmlunit-2.29 HTML test framework<\/li>\n<li>intellij-idea-2016.1.3<\/li>\n<li>jdk-1.8.0_40<\/li>\n<li>jenkins-1.6<\/li>\n<li>jsf-2.2.13 Java Server Faces<\/li>\n<li>mvn-3<\/li>\n<li>primefaces 6.0 JSF components<\/li>\n<li>selenium-ide-2.9.1.1<\/li>\n<li>svn-1.6<\/li>\n<li>tapestry-4<\/li>\n<li>tortoise-svn-1.6.16<\/li>\n<li>weld-2.4.0 CDI container<\/li>\n<\/td>\n<\/tr>\n<tr>\n<td valign=\"top\">Gr&ouml;&szlig;e<\/td>\n<td valign=\"top\">\n  10 Personen<\/td>\n<\/tr>\n<\/tbody>\n<\/table>\n<\/div><\/p><p><div class=\"lcp_content\"><table border=\"0\" cellspacing=\"1\" cellpadding=\"1\" width=\"100%\">\n<tbody>\n<tr>\n<td class=\"grey\" width=\"20%\">02\/16 &#8211; 09\/16<\/td>\n<td class=\"grey\" width=\"80%\">&#8222;DAV&#8220;<\/td>\n<\/tr>\n<tr>\n<td valign=\"top\">Branche<\/td>\n<td valign=\"top\">\u00d6ffentliche Verwaltung<\/td>\n<\/tr>\n<tr>\n<td valign=\"top\">Beschreibung<\/td>\n<td valign=\"top\">\nDie DatenAnnahme- und Verteilstelle (DAV) nimmt Meldungen von Arbeitgebern entgegen, pr\u00fcft diese und verteilt sie<br \/>\nan die zust\u00e4ndigen Fachverfahren (Lohnnachweis, Stammdatendienst) der UnfallVersicherungen (UVs).<br \/>\nR\u00fcckmeldungen aus den Fachverfahren werden durch die DAV zur\u00fcck an die Arbeitgeber \u00fcbermittelt.\n<\/td>\n<\/tr>\n<tr>\n<td valign=\"top\">Aufgaben<\/td>\n<td valign=\"top\">\n<li>Architektur von Teilsystemen<\/li>\n<li>Entwicklung von Backend-Systemen mit Java EE<\/li>\n<li>Entwicklung von GUIs mit Oracle ADF<\/li>\n<li>Dokumentation von Backend-Systemen<\/li>\n<\/td>\n<\/tr>\n<tr>\n<td valign=\"top\">Skills<\/td>\n<td valign=\"top\">\n<li>java-1.8.0_51<\/li>\n<li>javaee-6<\/li>\n<li>oracle-adf-12c<\/li>\n<li>oracle-database-11g<\/li>\n<li>oracle-jdeveloper-12c<\/li>\n<li>oracle-weblogic-server-12.2.1<\/li>\n<li>svn-1.6<\/li>\n<\/td>\n<\/tr>\n<tr>\n<td valign=\"top\">Gr&ouml;&szlig;e<\/td>\n<td valign=\"top\">\n  8 Personen<\/td>\n<\/tr>\n<\/tbody>\n<\/table>\n<\/div><\/p><p><div class=\"lcp_content\"><table border=\"0\" cellspacing=\"1\" cellpadding=\"1\" width=\"100%\">\n<tbody>\n<tr>\n<td class=\"grey\" width=\"20%\">10\/14 &#8211; 12\/15<\/td>\n<td class=\"grey\" width=\"80%\">&#8222;Customer Management Portal&#8220;<\/td>\n<\/tr>\n<tr>\n<td valign=\"top\">Sector<\/td>\n<td valign=\"top\">Chemical Industry<\/td>\n<\/tr>\n<tr>\n<td valign=\"top\">Description<\/td>\n<td valign=\"top\">\nBased on their role (sales representative, customer service, local coordinator, &#8230;) users participate in the customer management workflow and create, edit, approve or reject customers. The Customer Management Portal provides a unified Google Web Toolkit (GWT) frontend to several backend systems (DB, SAP, LDAP).\n<\/td>\n<\/tr>\n<tr>\n<td valign=\"top\">Tasks<\/td>\n<td valign=\"top\">\n<li>Development of java backend services.<\/li>\n<li>Development of GWT frontend.<\/li>\n<\/td>\n<\/tr>\n<tr>\n<td valign=\"top\">Skills<\/td>\n<td valign=\"top\">\n<li>apache-maven-3.2.3<\/li>\n<li>apache-tomcat-8.0.12<\/li>\n<li>eclipse-jee-luna<\/li>\n<li>git-1.9.1<\/li>\n<li>gwt-2.6.1<\/li>\n<li>hibernate-3.6.3<\/li>\n<li>jdk-8u20<\/li>\n<li>jenkins-1.509.1<\/li>\n<li>mysql-5.1.33<\/li>\n<li>redmine-microportal-2.6.0<\/li>\n<li>spring-3.1.4<\/li>\n<li>ubuntu-14.04-LTS<\/li>\n<\/td>\n<\/tr>\n<tr>\n<td valign=\"top\">Size<\/td>\n<td valign=\"top\">5 persons<\/td>\n<\/tr>\n<\/tbody>\n<\/table>\n<\/div><\/p><p><div class=\"lcp_content\"><table border=\"0\" cellspacing=\"1\" cellpadding=\"1\" width=\"100%\">\n<tbody>\n<tr>\n<td class=\"grey\" width=\"20%\">01\/13 &#8211; 09\/14<\/td>\n<td class=\"grey\" width=\"80%\">&#8222;Mobile flight booking for german airline&#8220;<\/td>\n<\/tr>\n<tr>\n<td valign=\"top\">Sector<\/td>\n<td valign=\"top\">Aviation<\/td>\n<\/tr>\n<tr>\n<td valign=\"top\">Description<\/td>\n<td valign=\"top\">\n  New web based flight booking system for german carrier that contains revenue and servicing flows.<br \/>\n  By integrating webservices and xml interfaces from different backend providers<br \/>\n  the system renders output especially suited for mobile devices.<br \/>\n<\/tr>\n<tr>\n<td valign=\"top\">Tasks<\/td>\n<td valign=\"top\">\n<li>Development of java backend actions and components.<\/li>\n<li>Integration of external webservices and xml interfaces.<\/li>\n<\/td>\n<\/tr>\n<tr>\n<td valign=\"top\">Skills<\/td>\n<td valign=\"top\">\n<li>apache-ant-1.8.2<\/li>\n<li>apache-maven-3.0.4<\/li>\n<li>eclipse-jee-juno-SR1<\/li>\n<li>greenhopper-6.0.3<\/li>\n<li>gson-1.7.1<\/li>\n<li>jdk-1.6.0_35<\/li>\n<li>jenkins-1.499<\/li>\n<li>jira-5.1<\/li>\n<li>mysql-5.1.58<\/li>\n<li>mysql-tools-1.2.17<\/li>\n<li>notepad++-6.3<\/li>\n<li>scrum<\/li>\n<li>sonar-3.3<\/li>\n<li>struts-1.3.8<\/li>\n<li>svn-1.7.8<\/li>\n<li>tomcat-7.0<\/li>\n<\/td>\n<\/tr>\n<tr>\n<td valign=\"top\">Size<\/td>\n<td valign=\"top\">6 persons<\/td>\n<\/tr>\n<\/tbody>\n<\/table>\n<\/div><\/p><p><div class=\"lcp_content\"><table border=\"0\" width=\"100%\" cellspacing=\"1\" cellpadding=\"1\">\n<tbody>\n<tr>\n<td class=\"grey\" width=\"20%\">11\/12 &#8211; 11\/12<\/td>\n<td class=\"grey\" width=\"80%\">&#8222;lindoTrack&#8220;<\/td>\n<\/tr>\n<tr>\n<td valign=\"top\">Branche<\/td>\n<td valign=\"top\">Mobile App<\/td>\n<\/tr>\n<tr>\n<td valign=\"top\">Beschreibung<\/td>\n<td valign=\"top\">Mit lindoTrack folgst du vorhandenen Strecken oder zeichnest selbst neue Strecken auf.<\/p>\n<ul>\n<li><b>Audio-Navigation:<\/b> Bei der Navigation verl\u00e4sst du dich allein auf deine Ohren, so dass du beim Wandern, Laufen oder Radfahren H\u00e4nde und Augen frei hast. Du kannst jede Strecke im gpx-Track Format benutzen, die du aus dem Internet heruntergeladen oder selbst mit einem Programm geplant hast.<\/li>\n<li><b>Tracklog:<\/b> Du kannst deine eigene Strecke beim Wandern, Laufen oder Radfahren aufzeichnen, egal ob du gerade einer vorhandenen Strecke folgst oder nicht.<\/li>\n<\/ul>\n<\/td>\n<\/tr>\n<tr>\n<td valign=\"top\">Aufgaben<\/td>\n<td valign=\"top\">\n<ul>\n<li>Spezifikation, Entwicklung, Test und Dokumentation.<\/li>\n<\/ul>\n<\/td>\n<\/tr>\n<tr>\n<td valign=\"top\">Skills<\/td>\n<td valign=\"top\">\n<ul>\n<li>Android 4.2 (API Level 17)<\/li>\n<li>Android SDK 20.0.3<\/li>\n<li>Android Location API<\/li>\n<li>Android Media API<\/li>\n<li>Notepad++v6.1.3<\/li>\n<li>Sony Ericson XPeria STI5i, Android 4.0.4<\/li>\n<li>WordPress 3.4.2 Blog<\/li>\n<\/ul>\n<\/td>\n<\/tr>\n<tr>\n<td valign=\"top\">Gr\u00f6\u00dfe<\/td>\n<td valign=\"top\">1 Person<\/td>\n<\/tr>\n<\/tbody>\n<\/table>\n<\/div><\/p><p><div class=\"lcp_content\"><table border=\"0\" width=\"100%\" cellspacing=\"1\" cellpadding=\"1\">\n<tbody>\n<tr>\n<td class=\"grey\" width=\"20%\">10\/12 &#8211; 11\/12<\/td>\n<td class=\"grey\" width=\"80%\">&#8222;lindoTongue&#8220;<\/td>\n<\/tr>\n<tr>\n<td valign=\"top\">Branche<\/td>\n<td valign=\"top\">Mobile App<\/td>\n<\/tr>\n<tr>\n<td valign=\"top\">Beschreibung<\/td>\n<td valign=\"top\">Manche Dinge kannst du nur durch st\u00e4ndige Wiederholung erlernen. Mit lindoTongue ist das ganz einfach und macht sogar Spa\u00df. Dabei spricht lindoTongue durch Verwendung von Ton, Bild und Schrift mehrere Sinne und Lerntypen an und ist vielseitig einsetzbar:<\/p>\n<ul>\n<li><b>Vokabeltrainer:<\/b> Erlerne Bedeutung, Aussprache und Schreibweise von Worten und Redewendungen. Trainiere die \u00dcbersetzung von deiner Muttersprache in eine Fremdsprache und umgekehrt.<\/li>\n<li><b>Lernhilfe:<\/b> Das kleine oder gro\u00dfe Einmaleins, die Quadratzahlen, medizinische oder technische Fachausdr\u00fccke, Fremdw\u00f6rter. Eigentlich alles, was du sonst stur auswendig lernst, kannst du in ein paar freien Minuten jederzeit und \u00fcberall auffrischen.<\/li>\n<li><b>Bilderbuch:<\/b> Nimm Bilder auf und unterlege sie mit dem zugeh\u00f6rigen Text. Kreiere dein eigenes Bilderbuch, deine Bildergeschichte, deine Kurzreportage, deinen Reisebericht oder dein pers\u00f6nliches Notizbuch.<\/li>\n<\/ul>\n<\/td>\n<\/tr>\n<tr>\n<td valign=\"top\">Aufgaben<\/td>\n<td valign=\"top\">\n<ul>\n<li>Spezifikation, Entwicklung, Test und Dokumentation.<\/li>\n<\/ul>\n<\/td>\n<\/tr>\n<tr>\n<td valign=\"top\">Skills<\/td>\n<td valign=\"top\">\n<ul>\n<li>Android SDK 20.0.3<\/li>\n<li>Android Media API<\/li>\n<li>Notepad++v6.1.3<\/li>\n<li>Sony Ericson XPeria STI5i, Android 4.0.4<\/li>\n<li>WordPress 3.4.2 Blog<\/li>\n<\/ul>\n<\/td>\n<\/tr>\n<tr>\n<td valign=\"top\">Gr\u00f6\u00dfe<\/td>\n<td valign=\"top\">1 Person<\/td>\n<\/tr>\n<\/tbody>\n<\/table>\n<\/div><\/p><p><div class=\"lcp_content\"><table border=\"0\" width=\"100%\" cellspacing=\"1\" cellpadding=\"1\">\n<tbody>\n<tr>\n<td class=\"grey\" width=\"20%\">09\/12 &#8211; 10\/12<\/td>\n<td class=\"grey\" width=\"80%\">&#8222;lindoGuide&#8220;<\/td>\n<\/tr>\n<tr>\n<td valign=\"top\">Branche<\/td>\n<td valign=\"top\">Mobile App<\/td>\n<\/tr>\n<tr>\n<td valign=\"top\">Beschreibung<\/td>\n<td valign=\"top\">Mit lindoGuide kannst du Audioguides und Audiotouren anh\u00f6ren bzw. folgen. Zus\u00e4tzlich kannst du selbst Audioguides und Audiotouren mit gesprochenen Empfehlungen, Kommentaren und Anweisungen aufnehmen.<\/p>\n<ul>\n<li><b>Guides:<\/b> Nimm eigene Audioguides auf oder h\u00f6re Beitr\u00e4ge aus bestehenden Audioguides, wenn du dich in der N\u00e4he einer Sehensw\u00fcrdigkeit befindest.<\/li>\n<li><b>Touren:<\/b> Nimm eigene Audiotouren mit Richtungsanweisungen und Zusatzinformationen auf oder folge bestehenden Audiotouren.<\/li>\n<\/ul>\n<\/td>\n<\/tr>\n<tr>\n<td valign=\"top\">Aufgaben<\/td>\n<td valign=\"top\">\n<ul>\n<li>Spezifikation, Entwicklung, Test und Dokumentation.<\/li>\n<\/ul>\n<\/td>\n<\/tr>\n<tr>\n<td valign=\"top\">Skills<\/td>\n<td valign=\"top\">\n<ul>\n<li>Android SDK 20.0.3<\/li>\n<li>Android Location API<\/li>\n<li>Android Media API<\/li>\n<li>Sony Ericson XPeria STI5i, Android 4.0.4<\/li>\n<li>WordPress 3.4.2 Blog<\/li>\n<\/ul>\n<\/td>\n<\/tr>\n<tr>\n<td valign=\"top\">Gr\u00f6\u00dfe<\/td>\n<td valign=\"top\">1 Person<\/td>\n<\/tr>\n<\/tbody>\n<\/table>\n<\/div><\/p><p><div class=\"lcp_content\"><table border=\"0\" cellspacing=\"1\" cellpadding=\"1\" width=\"100%\">\n<tbody>\n<tr>\n<td class=\"grey\" width=\"20%\">01\/12 &#8211; 06\/12<\/td>\n<td class=\"grey\" width=\"80%\">&#8222;Beste Frische &#8211; MDE&#8220;<\/td>\n<\/tr>\n<tr>\n<td valign=\"top\">Branche<\/td>\n<td valign=\"top\">Handelskonzern in K&ouml;ln<\/td>\n<\/tr>\n<tr>\n<td valign=\"top\">Beschreibung<\/td>\n<td valign=\"top\">\n  Optimierung der Marktprozesse Bestellung, Bestandspflege und Wareneingang in Obst- und Frische-Abteilungen von Superm&auml;rkten mit Hilfe einer neuen MDE<br \/>\n (Mobile DatenErfassung) Anwendung. Die mobilen Endger&auml;te werden direkt im Lager oder am Verkaufsregal eingesetzt und kommunizieren online per WLAN \u00fcber ein privates Netzwerk mit dem zentralen Marktprozess-Server.\n<\/td>\n<\/tr>\n<tr>\n<td valign=\"top\">Aufgaben<\/td>\n<td valign=\"top\">\n<li>Spezifikation, Entwicklung, Test und Dokumentation von Anwendungsf&auml;llen auf dem Marktprozess-Server.<\/li>\n<\/td>\n<\/tr>\n<tr>\n<td valign=\"top\">Skills<\/td>\n<td valign=\"top\">\n<li>Archiva 1.3.5 Build Artifact Repository<\/li>\n<li>Arquillian 1.0.0.CR7 Java EE Test Framework<\/li>\n<li>DB2 9.7 Relational Database<\/li>\n<li>Confluence 4.1.4 Documentation Wiki<\/li>\n<li>Eclipse Helios Service Release 1 Development Environment<\/li>\n<li>JBoss 6.0.0-final Application Server<\/li>\n<li>JDK 1.6.0_30 Java Development Kit<\/li>\n<li>JIRA 3.11 Issue Tracker<\/li>\n<li>MagicDraw 17.0.1 UML Tool<\/li>\n<li>Maven 3.0.2 Build\/Dependency Management<\/li>\n<li>Mockito 1.9.0 Test Mock Library<\/li>\n<li>MyBatis 3.0.5 Object Relational Mapper<\/li>\n<li>Orika 1.0 Bean Mapper<\/li>\n<li>QuickBuild 4.0 Automated Build Environment<\/li>\n<li>RestEasy 2.3.0 REST Framework<\/li>\n<li>SQuirreL 3.2.1 SQL Client<\/li>\n<li>Subversion 1.7 Version Control System<\/li>\n<\/td>\n<\/tr>\n<tr>\n<td valign=\"top\">Gr&ouml;&szlig;e<\/td>\n<td valign=\"top\">\n  &gt; 30 Personen<\/td>\n<\/tr>\n<\/tbody>\n<\/table>\n<\/div><\/p><p><div class=\"lcp_content\"><table border=\"0\" cellspacing=\"1\" cellpadding=\"1\" width=\"100%\">\n<tbody>\n<tr>\n<td class=\"grey\" width=\"20%\">05\/11 &#8211; 11\/11<\/td>\n<td class=\"grey\" width=\"80%\">&#8222;WLAN Portal&#8220;<\/td>\n<\/tr>\n<tr>\n<td valign=\"top\">Sector<\/td>\n<td valign=\"top\">Telecommunication provider in Bonn<\/td>\n<\/tr>\n<tr>\n<td valign=\"top\">Description<\/td>\n<td valign=\"top\">\n  International web portal application that enables customers<br \/>\n  at WLAN hotspots to access the internet. Customers can login<br \/>\n  into their WLAN account, buy new vouchers using credit card<br \/>\n  or miles&#038;more payment and get an overview of passed or remaining<br \/>\n  WLAN time.\n<\/td>\n<\/tr>\n<tr>\n<td valign=\"top\">Role\/Tasks<\/td>\n<td valign=\"top\">\n<li>Design, implementation and unit test of components.<\/li>\n<li>Design, implementation of an xhtml converter that converts custom tags into standard\/myfaces\/tomahawk tags.<\/li>\n<\/td>\n<\/tr>\n<tr>\n<td valign=\"top\">Skills<\/td>\n<td valign=\"top\">\nFrameworks\/Libraries:<\/p>\n<li>Apache myfaces-2.0.5<\/li>\n<li>Apache tomahawk20-1.1.10<\/li>\n<li>Spring 3.0.5<\/li>\n<li>Tomcat 7.0.14<\/li>\n<p>Tools\/Standards:<\/p>\n<li>Bugzilla 3.2.3<\/li>\n<li>Eclipse Helios Service Release 1<\/li>\n<li>Git-1.7.5.1<\/li>\n<li>Java Development Kit jdk-1.6.0_16<\/li>\n<li>Maven mvn-3.0<\/li>\n<li>Scrum<\/li>\n<\/td>\n<\/tr>\n<tr>\n<td valign=\"top\">Size<\/td>\n<td valign=\"top\">\n  &gt; 10 persons<\/td>\n<\/tr>\n<\/tbody>\n<\/table>\n<\/div><\/p><p><div class=\"lcp_content\"><table border=\"0\" cellspacing=\"1\" cellpadding=\"1\" width=\"100%\">\n<tbody>\n<tr>\n<td class=\"grey\" width=\"20%\">11\/10 &#8211; 04\/11<\/td>\n<td class=\"grey\" width=\"80%\">&#8222;CRISP &#8211; Enabling Platform&#8220;<\/td>\n<\/tr>\n<tr>\n<td valign=\"top\">Sector<\/td>\n<td valign=\"top\">Telecommunication provider in Bonn<\/td>\n<\/tr>\n<tr>\n<td valign=\"top\">Description<\/td>\n<td valign=\"top\">\n  CRISP acts as an enabling platform which allows internal and external service providers to<br \/>\n  use internal services. The system performs authentication, authorization and service transformation.\n<\/td>\n<\/tr>\n<tr>\n<td valign=\"top\">Role\/Tasks<\/td>\n<td valign=\"top\">\n<li>Partial implementation of a gwt\/smartgwt based administration interface.<\/li>\n<li>Implementation of new frontend services.<\/li>\n<li>Adaption\/extension of the pmg (Privacy Management Gateway) backend system.<\/li>\n<\/td>\n<\/tr>\n<tr>\n<td valign=\"top\">Skills<\/td>\n<td valign=\"top\">\nFrameworks\/Libraries:<\/p>\n<li>cxf 2.2.5<\/li>\n<li>gwt (Google Web Toolkit) 2.1.0<\/li>\n<li>hibernate 3.5.6<\/li>\n<li>spring 3.0.4<\/li>\n<li>smart-gwt 2.2<\/li>\n<p>Languages\/Standards:<\/p>\n<li>corba<\/li>\n<li>jdk 1.6.0_16<\/li>\n<li>scrum<\/li>\n<p>Tools:<\/p>\n<li>Application server tomcat 6.0.18 and jetty 7.1.6<\/li>\n<li>Bugtracking jira 4.2<\/li>\n<li>Build management maven 3.0<\/li>\n<li>Database postgresql 9.0beta1<\/li>\n<li>Development environment eclipse helios service release 1<\/li>\n<li>Sourcecode management svn (subversion) 1.6.13<\/li>\n<\/td>\n<\/tr>\n<tr>\n<td valign=\"top\">Size<\/td>\n<td valign=\"top\">\n  6 persons<\/td>\n<\/tr>\n<\/tbody>\n<\/table>\n<\/div><\/p><\/div>\n","protected":false},"excerpt":{"rendered":"","protected":false},"author":1,"featured_media":0,"parent":0,"menu_order":2,"comment_status":"closed","ping_status":"closed","template":"","meta":{"footnotes":""},"class_list":["post-12","page","type-page","status-publish","hentry"],"_links":{"self":[{"href":"https:\/\/wordpress.lindosoft.com\/index.php?rest_route=\/wp\/v2\/pages\/12","targetHints":{"allow":["GET"]}}],"collection":[{"href":"https:\/\/wordpress.lindosoft.com\/index.php?rest_route=\/wp\/v2\/pages"}],"about":[{"href":"https:\/\/wordpress.lindosoft.com\/index.php?rest_route=\/wp\/v2\/types\/page"}],"author":[{"embeddable":true,"href":"https:\/\/wordpress.lindosoft.com\/index.php?rest_route=\/wp\/v2\/users\/1"}],"replies":[{"embeddable":true,"href":"https:\/\/wordpress.lindosoft.com\/index.php?rest_route=%2Fwp%2Fv2%2Fcomments&post=12"}],"version-history":[{"count":3,"href":"https:\/\/wordpress.lindosoft.com\/index.php?rest_route=\/wp\/v2\/pages\/12\/revisions"}],"predecessor-version":[{"id":275,"href":"https:\/\/wordpress.lindosoft.com\/index.php?rest_route=\/wp\/v2\/pages\/12\/revisions\/275"}],"wp:attachment":[{"href":"https:\/\/wordpress.lindosoft.com\/index.php?rest_route=%2Fwp%2Fv2%2Fmedia&parent=12"}],"curies":[{"name":"wp","href":"https:\/\/api.w.org\/{rel}","templated":true}]}}